{"id":932,"date":"2013-09-25T18:55:13","date_gmt":"2013-09-25T18:55:13","guid":{"rendered":"http:\/\/neweurope.centre.ubbcluj.ro\/?page_id=932"},"modified":"2025-03-14T08:18:18","modified_gmt":"2025-03-14T08:18:18","slug":"scientific-committee","status":"publish","type":"page","link":"https:\/\/neweurope.centre.ubbcluj.ro\/?page_id=932","title":{"rendered":"Scientific Committee"},"content":{"rendered":"<p><span style=\"color: #000000; font-family: georgia, palatino, serif;\"> Prof. Dr. G\u00e9rard Bossuat (European Union Liaison Committee of Historians \/ Universit\u00e9 de Cergy-Pontoise, France)<\/span><\/p>\n<p><span style=\"color: #000000; font-family: georgia, palatino, serif;\">Prof. Dr. Dr.h.c. Wichard Woyke (Westf\u00e4lische Wilhelms-Universit\u00e4t M<\/span>\u00fc<span style=\"color: #000000; font-family: georgia, palatino, serif;\">nster, Germany)<\/span><\/p>\n<p><span style=\"color: #000000; font-family: georgia, palatino, serif;\">Prof. Dr. Wilfried Loth (European Union Liaison Committee of Historians \/ Duisburg-Essen University, Germany)<\/span><\/p>\n<p><span style=\"color: #000000; font-family: georgia, palatino, serif;\">Prof. Dr. phil. habil Michael Gehler (Universit\u00e4t Hildesheim, Germany)<\/span><\/p>\n<p><span style=\"color: #000000; font-family: georgia, palatino, serif;\">Prof. Dr. Dr.h.c. Reinhard Meyers (Westf\u00e4lische Wilhelms-Universit\u00e4t, M\u00fcnster, Germany)<\/span><\/p>\n<p><span style=\"color: #000000; font-family: georgia, palatino, serif;\">Prof. Dr. Sylvain Schirmann (Director of the Institut d\u2019\u00e9tudes Politiques de Strasbourg, France)<\/span><\/p>\n<p><span style=\"color: #000000; font-family: georgia, palatino, serif;\">Prof. Dr. Krzysztof Jasiecki, (University of Warsaw, Poland)<\/span><\/p>\n<p><span style=\"color: #000000; font-family: georgia, palatino, serif;\">Prof. Dr. Pery Assis Shikida (Western Parana University, Brazil)<\/span><\/p>\n<p><span style=\"color: #000000; font-family: georgia, palatino, serif;\">Prof. Dr. Lucir Alves (Western Parana University, Brazil)<\/span><\/p>\n<p><span style=\"color: #000000; font-family: georgia, palatino, serif;\">Prof. Dr. Miroslaw Banasik (Jan Kochanowski University in Kielce)<\/span><\/p>\n<p><span style=\"color: #000000; font-family: georgia, palatino, serif;\">Assoc. Prof. Dr. Ladislav Mura (Pan-European University in Bratislava, Slovakia)<\/span><\/p>\n<p><span style=\"color: #000000; font-family: georgia, palatino, serif;\">Assoc. Prof. Dr. Tom\u00e1\u0161 Per\u00e1\u010dek (Comenius University in Bratislava, Slovakia)<\/span><\/p>\n<p><span style=\"color: #000000; font-family: georgia, palatino, serif;\">Assoc. Prof. Dr. Elena Calandri (University of Padua, Italy)<\/span><\/p>\n<p><span style=\"color: #000000; font-family: georgia, palatino, serif;\">Assoc. Prof. Dr. <\/span>L\u00e1szl\u00f3 <span style=\"color: #000000; font-family: georgia, palatino, serif;\">Erdey (Debrecen University, Hungary)<\/span><\/p>\n<p><span style=\"color: #000000; font-family: georgia, palatino, serif;\">Assoc. Prof. Dr. Pawel Hut (University of Warsaw, Poland)<\/span><\/p>\n<p><span style=\"color: #000000; font-family: georgia, palatino, serif;\">Assoc. Prof. Dr. Mircea Maniu (Babe\u0219-Bolyai University, Cluj-Napoca, Romania)<\/span><\/p>\n<p><span style=\"color: #000000; font-family: georgia, palatino, serif;\">Assoc. Prof. Dr. Nicoleta Racol\u021ba-Paina (Babe\u015f-Bolyai University, Cluj-Napoca, Romania)<\/span><\/p>\n<p><span style=\"color: #000000; font-family: georgia, palatino, serif;\">Assoc. Prof. Dr. Georgiana Ciceo (Babe\u015f-Bolyai University, Cluj-Napoca, Romania)<\/span><\/p>\n<p><span style=\"color: #000000; font-family: georgia, palatino, serif;\">Assoc. Prof. Dr. Alina Branda (Babe\u0219-Bolyai University, Cluj-Napoca, Romania)<\/span><\/p>\n<p><span style=\"color: #000000; font-family: georgia, palatino, serif;\">Assoc. Prof. Dr. Florin Duma (Babe\u0219-Bolyai University, Cluj-Napoca, Romania)<\/span><\/p>\n<p><span style=\"color: #000000; font-family: georgia, palatino, serif;\">Assoc. Prof. Dr. Mihaela Oprescu (Babe\u015f-Bolyai University, Cluj-Napoca, Romania)<\/span><\/p>\n<p><span style=\"color: #000000; font-family: georgia, palatino, serif;\">Assist. Prof. Irina Roibu (Hankuk University of Foreign Studies, Seoul, South Korea)<\/span><\/p>\n<p><span style=\"color: #000000; font-family: georgia, palatino, serif;\">Assist. Prof. Dr. Nicolae Todera\u0219 (SNSPA, Bucharest, Romania)<\/span><\/p>\n<p><span style=\"color: #000000; font-family: georgia, palatino, serif;\">Assist. Prof. Dr. Anna Skolimowska (Stefan Wyszy\u0144ski University, Warsaw, Poland)<\/span><\/p>\n<p><span style=\"color: #000000; font-family: georgia, palatino, serif;\">Assist. Prof. Dr. Bartosz Rydli\u0144ski (Stefan Wyszy\u0144ski University, Warsaw, Poland)<\/span><\/p>\n<p><span style=\"color: #000000; font-family: georgia, palatino, serif;\">Assist. Prof. Dr. Boris Mucha (Comenius University in Bratislava, Sovakia)<\/span><\/p>\n<p><span style=\"color: #000000; font-family: georgia, palatino, serif;\">Assist. Prof. Dr. Alice Cunha (Nova University, Lisbon, Portugal)<\/span><\/p>\n<p><span style=\"color: #000000; font-family: georgia, palatino, serif;\">Assist. Prof. Dr. Kamil Zaj\u0105czkowski (University of Warsaw, Poland)<\/span><\/p>\n<p><span style=\"color: #000000; font-family: georgia, palatino, serif;\">Assist. Prof. Dr. Dorota Jurkiewicz-Eckert (University of Warsaw, Poland)<\/span><\/p>\n<p><span style=\"color: #000000; font-family: georgia, palatino, serif;\">Assist. Prof. Dr. Kamil \u0141awniczak (University of Warsaw, Poland)<\/span><\/p>\n<p><span style=\"color: #000000; font-family: georgia, palatino, serif;\">Assist. Prof. Dr. Wojciech Lewandowski (University of Warsaw, Poland)<\/span><\/p>\n<p><span style=\"color: #000000; font-family: georgia, palatino, serif;\">Assist. Prof. Dr. Miroslav Fe\u010dko (Pavol Jozef \u0160af\u00e1rik University in Ko\u0161ice, Slovakia)<\/span><\/p>\n<p><span style=\"color: #000000; font-family: georgia, palatino, serif;\">Assist. Prof. Dr. Paula Wi\u015bniewska (University of Wroclaw Poland)<\/span><\/p>\n<p><span style=\"color: #000000; font-family: georgia, palatino, serif;\">Assist. Prof. Dr. Ciprian Alupului (Al. I. Cuza University, Iasi, Romania)<\/span><\/p>\n<p><span style=\"color: #000000; font-family: georgia, palatino, serif;\">Assist. Prof. Dr. Monica Burca-Voicu (Babe\u015f-Bolyai University, Cluj-Napoca, Romania)<\/span><\/p>\n<p><span style=\"color: #000000; font-family: georgia, palatino, serif;\">Assist. Prof. Dr. Radu Albu (Babe\u015f-Bolyai University, Cluj-Napoca, Romania)<\/span><\/p>\n<p><span style=\"color: #000000; font-family: georgia, palatino, serif;\">Assist. Prof. Dr. Romana Cramarenco (Babe\u015f-Bolyai University, Cluj-Napoca, Romania)<\/span><\/p>\n<p><span style=\"color: #000000; font-family: georgia, palatino, serif;\">Assist. Prof. Dr. Beata G\u00f3rka-Winter (University of Warsaw, Poland)<\/span><\/p>\n<p><span style=\"color: #000000; font-family: georgia, palatino, serif;\"><span data-olk-copy-source=\"MessageBody\">Lecturer Dr. <\/span> Lucian Butaru (Babe\u015f-Bolyai University, Cluj-Napoca, Romania)<\/span><\/p>\n<p><span style=\"color: #000000; font-family: georgia, palatino, serif;\"><span data-olk-copy-source=\"MessageBody\">Lecturer Dr. <\/span> Gabriel Gherasim (Babe\u015f-Bolyai University, Cluj-Napoca, Romania)<\/span><\/p>\n<p><span style=\"color: #000000; font-family: georgia, palatino, serif;\">Assist. Prof. Dr. Vadym Zheltovskyy&nbsp; (University of Warsaw, Poland)<\/span><\/p>\n<p><span style=\"font-family: georgia, palatino, serif;\"><span style=\"color: #000000;\">Assist. Prof. Dr.&nbsp;<\/span>Filip Tereszkiewicz&nbsp;<span style=\"color: #000000;\"> (University of Opole, Poland)<\/span><\/span><\/p>\n<p><span style=\"color: #000000; font-family: georgia, palatino, serif;\">Researcher Dr. Zolt\u00e1n Gr\u00fcnhut (Centre for Economic and Regional Studies, Hungary)<\/span><\/p>\n<p><span style=\"color: #000000; font-family: georgia, palatino, serif;\"><span class=\"x_mark4e47mx6sc\" data-ogsc=\"rgb(0, 0, 0)\" data-ogsb=\"rgb(255, 255, 255)\">Dr. Agnieszka<\/span> Rogozi\u0144ska (Jan Kochanowski University in Kielce, Poland)<\/span><\/p>\n<p><span style=\"font-family: georgia, palatino, serif;\"><span data-olk-copy-source=\"MessageBody\">Lecturer Dr. <\/span> Marius Mitrache (<span style=\"color: #000000;\">Babe\u015f-Bolyai University, Cluj-Napoca, Romania)<\/span><\/span><\/p>\n<p><span style=\"font-family: georgia, palatino, serif;\">Dr. Alexandru Mocernac (<span style=\"color: #000000;\">Babe\u015f-Bolyai University, Cluj-Napoca, Romania)<\/span><\/span><\/p>\n","protected":false},"excerpt":{"rendered":"<p>Prof. Dr. G\u00e9rard Bossuat (European Union Liaison Committee of Historians \/ Universit\u00e9 de Cergy-Pontoise, France) Prof. Dr. Dr.h.c. Wichard Woyke (Westf\u00e4lische Wilhelms-Universit\u00e4t M\u00fcnster, Germany) Prof. Dr. Wilfried Loth (European Union Liaison Committee of Historians \/ Duisburg-Essen University, Germany) Prof. Dr. phil. habil Michael Gehler (Universit\u00e4t Hildesheim, Germany) Prof. Dr. Dr.h.c.<a class=\"read-more\" href=\"https:\/\/neweurope.centre.ubbcluj.ro\/?page_id=932\"> ( more&#8230; )<\/a><\/p>\n","protected":false},"author":1,"featured_media":0,"parent":103,"menu_order":0,"comment_status":"open","ping_status":"closed","template":"","meta":{"footnotes":""},"class_list":["post-932","page","type-page","status-publish","hentry"],"_links":{"self":[{"href":"https:\/\/neweurope.centre.ubbcluj.ro\/index.php?rest_route=\/wp\/v2\/pages\/932","targetHints":{"allow":["GET"]}}],"collection":[{"href":"https:\/\/neweurope.centre.ubbcluj.ro\/index.php?rest_route=\/wp\/v2\/pages"}],"about":[{"href":"https:\/\/neweurope.centre.ubbcluj.ro\/index.php?rest_route=\/wp\/v2\/types\/page"}],"author":[{"embeddable":true,"href":"https:\/\/neweurope.centre.ubbcluj.ro\/index.php?rest_route=\/wp\/v2\/users\/1"}],"replies":[{"embeddable":true,"href":"https:\/\/neweurope.centre.ubbcluj.ro\/index.php?rest_route=%2Fwp%2Fv2%2Fcomments&post=932"}],"version-history":[{"count":39,"href":"https:\/\/neweurope.centre.ubbcluj.ro\/index.php?rest_route=\/wp\/v2\/pages\/932\/revisions"}],"predecessor-version":[{"id":2577,"href":"https:\/\/neweurope.centre.ubbcluj.ro\/index.php?rest_route=\/wp\/v2\/pages\/932\/revisions\/2577"}],"up":[{"embeddable":true,"href":"https:\/\/neweurope.centre.ubbcluj.ro\/index.php?rest_route=\/wp\/v2\/pages\/103"}],"wp:attachment":[{"href":"https:\/\/neweurope.centre.ubbcluj.ro\/index.php?rest_route=%2Fwp%2Fv2%2Fmedia&parent=932"}],"curies":[{"name":"wp","href":"https:\/\/api.w.org\/{rel}","templated":true}]}}